{"id":1174,"date":"2023-11-27T09:58:01","date_gmt":"2023-11-27T09:58:01","guid":{"rendered":"https:\/\/acmo.net\/partner-conditions\/"},"modified":"2024-03-18T11:21:41","modified_gmt":"2024-03-18T11:21:41","slug":"partner-conditions","status":"publish","type":"page","link":"https:\/\/acmo.net\/en\/partner-conditions\/","title":{"rendered":"Partner conditions"},"content":{"rendered":"\t\t<div data-elementor-type=\"wp-page\" data-elementor-id=\"1174\" class=\"elementor elementor-1174 elementor-481\" data-elementor-post-type=\"page\">\n\t\t\t\t<div class=\"elementor-element elementor-element-df6d786 e-flex e-con-boxed e-con e-parent\" data-id=\"df6d786\" data-element_type=\"container\">\n\t\t\t\t\t<div class=\"e-con-inner\">\n\t\t\t\t<div class=\"elementor-element elementor-element-1165258 elementor-widget elementor-widget-heading\" data-id=\"1165258\" data-element_type=\"widget\" data-widget_type=\"heading.default\">\n\t\t\t\t<div class=\"elementor-widget-container\">\n\t\t\t\t\t<h2 class=\"elementor-heading-title elementor-size-default\">Partner conditions<\/h2>\t\t\t\t<\/div>\n\t\t\t\t<\/div>\n\t\t\t\t<div class=\"elementor-element elementor-element-ed3df09 elementor-widget elementor-widget-text-editor\" data-id=\"ed3df09\" data-element_type=\"widget\" data-widget_type=\"text-editor.default\">\n\t\t\t\t<div class=\"elementor-widget-container\">\n\t\t\t\t\t\t\t\t\t<p>DATA PROTECTION INFORMATION<br \/>In compliance with the obligation to inform based on Article 13 of the EU General Data Protection Regulation<br \/>(RGPD)2016\/679 of the European Parliament and of the Council of 27 April 2016 and to Article 11 of the Organic Law 3\/2018 of 5 December,<br \/>of Personal Data Protection and guarantee of digital rights, ASOCIACI\u00d3N DE COMERCIANTES DEL MUNICIPIO DE ORIHUELA (ORIHUELA COMMERCIAL ASSOCIATION)<br \/>(ACMO) informs you of the existence of the processing of personal data in its capacity as data processor and<br \/>of person in charge of treatment PERSON IN CHARGE OF PROCESSING: NAME: ASOCIACI\u00d3N DE COMERCIANTES DEL MUNICIPIO DE<br \/>ORIHUELA (ACMO), Address: Pa\u00eds valenciano, esq Avda del mar 10, 03300 Orihuela (Alicante)<br \/>Telephone: 664342924, email: acmo@acmo.net, C.I.F.: G03760238 DPO.DPO CONTACT DATA: Address: Pa\u00eds valenciano, esq Avda del<br \/>mar 10, 03300 Orihuela (Alicante), Phone: 664342924, email: dpo@acmo.net<br \/>ASSOCIATED TREATMENT<br \/>CATEGORY OF DATA: Identification and contact data, personal characteristics data (copy of ID card), data on membership in the following organizations<br \/>associations, federations&#8230;, professional and academic data, employment details, commercial, economic and financial information,<br \/>service transactions, image\/voice of associates captured in videos, photographs&#8230; at congresses, conferences, events, assemblies,<br \/>public meetings organized\/convened\/sponsored\/sponsored\/in which ACMO participates as attendees in its arial company profile and<br \/>professional and also non-associated assistants PURPOSE OF PROCESSING: 1. To comply with the Articles of Incorporation and Bylaws of<br \/>ACMO, management of the internal regime of the association and its representative bodies, 2. Organization, information and management of<br \/>activities carried out to fulfill the purposes of the association (representation, management, defense, etc.),<br \/>training, collaboration, promotion, information&#8230;), 3. To comply with documentary and accounting obligations, 4. Manage the<br \/>relations between ACMO and its members in all administrative, economic-accounting and legal areas&#8230;, 5. Diligence of relationships<br \/>ACMO&#8217;s relations with the Administration and its bodies as well as with other public or private entities, 6. Organizing congresses, symposiums and meetings<br \/>to discuss the problems of Orihuela&#8217;s commerce, to keep a record of the events it organizes and participates in.<br \/>(recordings, photographs&#8230;), information, promotion and dissemination of ACMO&#8217;s activities through publication in the media.<br \/>electronic (website, digital magazine, News, social networks&#8230;), 7. Communications, negotiations, etc. with companies related to the<br \/>Orihuela businesses not associated with ACMO, 8. Administrative, fiscal and accounting management&#8230;., 9. Enter into collaboration agreements with<br \/>public and private entities, associations, federations, confederations&#8230;, 10. Advertising and commercial prospecting (Circulars,<br \/>Newsletter&#8230;), 11. Sending information, advertising &#8230; of products and \/ or services of third party partners,<br \/>entities\/associations, federations, confederations&#8230; within the framework of a collaboration agreement between ACMO and<br \/>companies\/entities\/associations, federations, confederations&#8230; with the purpose of obtaining advantages for the members of ACM O, 12.<br \/>Regulatory compliance CONSERVATION PERIOD: 1-8. During the term of the contractual relationship (membership in the association) and the<br \/>period of responsibility. With respect to non-associates in any case as long as the affected party does not withdraw its consent, 10 and 11. While<br \/>consent is not withdrawn. 12. During the liability period. Profiles are not prepared. Decisions are not made based on the<br \/>automated data processing. LEGITIMACY: purpose 1-9. Execution of a contract, purpose 10 and 11. Legitimate interest and<br \/>consent of the affected party, purpose 12. regulatory compliance TARGET(S) ASSIGNMENT(S): 1. for the purpose of compliance with the<br \/>ACMO Bylaws (Article 5 paragraph 2): Confederations, federations and other associations related to the commerce sector:<br \/>Federaci\u00f3n Alicantina de Comercio de la Peque\u00f1a y Mediana Empresa (FACPYME), Confederaci\u00f3 d&#8217;Empresaris del Comer\u00e7, Servicis i<br \/>Aut\u00f2noms de la Comunitat Valenciana. (CONFECOMER\u00c7E CV), 2. for the purpose of complying with the Bylaws Article 3 (management<br \/>aids, associative activities&#8230;): Orihuela City Council, Chambers of Commerce and other organizations 3. Assignments are made with the<br \/>purpose of contract performance to banks and savings banks, 4. Assignments are made for the purpose of regulatory compliance.<br \/>a:Public Registries, Tax Administration, Public Administration with competence in the matter. TREATMENT MANAGERS:<br \/>Provider of web hosting, e-mail hosting: GRUPO LOADING SYSTEMS, S.L. Maintenance provider<br \/>IT: BELMAR INFORM\u00c1TICA Y TELECOMUNICACIONES, Web\/APP maintenance: SCORPORA TECNO APP, Tax consultancy,<br \/>labor, accounting : LORIOL TR\u00c1MITES Y GESTIONES, S.L. (you can consult the detailed and updated list of the external companies<br \/>with which ACMO has subcontracted any of the services in our privacy policy at https:\/\/www.acmo.net\/) TRASNFERENCE<br \/>INTERNATIONAL: No PROVENANCE OF DATA: The data subject or his legal representative, entities, organizations and<br \/>ACMO member companies<\/p>\n<\/p>\n<p>COMMUNICATION TREATMENT, ADVERTISING, WEB SITE, SOCIAL MEDIA<br \/>DATA CATEGORY: Contact data, web user data (IP,ID. log&#8230;), identification data, cookies (See Cookies Policy), data<br \/>analytics or profiling data, web visit data, user data in the social networking environment, location data, data relating to the<br \/>compliance with the LOPD\/RGPD and LSSI regulations (consents, data related to the exercise of rights of affected parties&#8230;), marketing<br \/>direct&#8230;PURPOSE OF PROCESSING:1. profiling analysis (profiling analysis is performed using data from the data obtained from the<br \/>cookies), 2. advertising, commercial prospecting, 3. communication, information with users, friends, fans, customers, potential customers, and<br \/>suppliers, response to inquiries.4. pre-contractual negotiations with information requesters, 5. positioning, 6. safety<br \/>computer science&#8230;, 7. regulatory compliance (LSSI, LOPDGDD, consumer and user regulations, general contracting conditions&#8230;).<br \/>CONSERVATION PERIOD: purpose 1-5. As long as you do not withdraw your consent or exercise your right of cancellation and the period of<br \/>responsibility, The data provided in the corresponding social network will remain accessible to us for as long as you maintain active the<br \/>button &#8220;follow&#8221; or &#8220;like&#8221; and when you want to stop following ACMO, you only have to &#8220;click&#8221; on &#8220;unfollow&#8221; or &#8220;unfollow&#8221; or &#8220;unfollow&#8221;.<br \/>I don&#8217;t like it&#8221;, finality. purpose 6-7: During the period of responsibility. No treatment-based decisions are made<br \/>automated data processing. LEGITIMACY: purpose 1-6. Legitimate interest and consent of the affected party. The follower, friend&#8230; consent the<br \/>processing of personal data that are available in your social profile, exclusively for that purpose and only in the environment of the individual<br \/>social network in accordance with its use and privacy policies, purpose 7. Regulatory compliance TARGET\/ES Assignees: Suppliers of<br \/>Cookies: see Cookies Policy and section 5 of the Privacy Policy, CORRESPONSIBLE FOR TREATMENT: RRSS: Facebook,<br \/>Instagram, Twitter&#8230; PROCESSORS: companies with which we have subcontracted services or suppliers that provide<br \/>services to ACMO: Web hosting provider, e-mail hosting: GRUPO LOADING SYSTEMS, S.L.,<br \/>computer maintenance: BELMAR INFORM\u00c1TICA Y TELECOMUNICACIONES, Web\/APP maintenance: SCORPORA TECNO APP,<br \/>Advertising provider: Google Ireland Limited, Messaging service provider: WHATSAPP IRELAND LIMITED, Platform provider: WHATSAPP IRELAND LIMITED, Platform provider: WHATSAPP IRELAND LIMITED<br \/>online design: CANVA PTY LTD (you can consult the detailed and updated list of the external companies with which ACMO has<br \/>subcontracted any service in our privacy policy at https:\/\/www.acmo.net\/) INTERNATIONAL TRANSFER: Suppliers<br \/>Cookies: see Cookies Policy and section 5 of the Privacy Policy of https:\/\/www.acmo.net\/, Google Ireland Limited performs the following activities<br \/>international data transfers to Google LLC cloud computing provider, Facebook Ireland Limited (Facebook and Instagra m) performs<br \/>international transfers of data to Meta Social Media provider, Twitter International Company makes international transfers of data to Meta Social Media.<br \/>international data transfers to Twitter Inc Social Media provider, Whatsapp Ireland Limited Messaging service provider transfers<br \/>international data transfers toWhatsapp LLC. Target countries: USA and other countries, European Commission adequacy decisions on.<br \/>countries or the standard contractual clauses approved by the European Commission. For more information, see our<br \/>Privacy policy DATA SOURCE: The data subject or his\/her legal representative, suppliers Cookies, suppliers<br \/>SOCIAL MEDIA\/SOCIAL NETWORKS<\/p>\n<p>EXERCISE OF RIGHTS (of the persons concerned): You may exercise your rights of information, access, rectification, deletion,<br \/>opposition to processing, restriction of processing, portability of your data, not to be subject to a decision based solely on the<br \/>automated processing, including profiling, and to withdraw your consent at any time by writing to us,<br \/>proving your identity, addressed to ASOCIACI\u00d3N DE COMERCIANTES DEL MUNICIPIO DE ORIHUELA (ACMO), Address: Pa\u00eds Valenciano, esq.<br \/>Avda del mar 10, 03300 Orihuela (Alicante), in person at our headquarters with proof of identity or by electronic means.<br \/>proving your identity, at the address dpo@acmo.net. You also have the right to file a complaint with the AEPD.<br \/>You also have the right to file a complaint with the supervisory authority-Spanish Data Protection Agency. For more information<br \/>For more information you can consult our Privacy Policy.<\/p>\n\t\t\t\t\t\t\t\t<\/div>\n\t\t\t\t<\/div>\n\t\t\t\t\t<\/div>\n\t\t\t\t<\/div>\n\t\t\t\t<\/div>\n\t\t","protected":false},"excerpt":{"rendered":"<p>Partner conditions DATA PROTECTION INFORMATIONIn compliance with the obligation to inform based on Article 13 of the EU General Data Protection Regulation(RGPD)2016\/679 of the European Parliament and of the Council of 27 April 2016 and to Article 11 of the Organic Law 3\/2018 of 5 December,of Personal Data Protection and guarantee of digital rights, ASOCIACI\u00d3N [&hellip;]<\/p>\n","protected":false},"author":1,"featured_media":0,"parent":0,"menu_order":0,"comment_status":"closed","ping_status":"closed","template":"","meta":{"_joinchat":[],"footnotes":""},"class_list":["post-1174","page","type-page","status-publish","hentry"],"_links":{"self":[{"href":"https:\/\/acmo.net\/en\/wp-json\/wp\/v2\/pages\/1174","targetHints":{"allow":["GET"]}}],"collection":[{"href":"https:\/\/acmo.net\/en\/wp-json\/wp\/v2\/pages"}],"about":[{"href":"https:\/\/acmo.net\/en\/wp-json\/wp\/v2\/types\/page"}],"author":[{"embeddable":true,"href":"https:\/\/acmo.net\/en\/wp-json\/wp\/v2\/users\/1"}],"replies":[{"embeddable":true,"href":"https:\/\/acmo.net\/en\/wp-json\/wp\/v2\/comments?post=1174"}],"version-history":[{"count":1,"href":"https:\/\/acmo.net\/en\/wp-json\/wp\/v2\/pages\/1174\/revisions"}],"predecessor-version":[{"id":1179,"href":"https:\/\/acmo.net\/en\/wp-json\/wp\/v2\/pages\/1174\/revisions\/1179"}],"wp:attachment":[{"href":"https:\/\/acmo.net\/en\/wp-json\/wp\/v2\/media?parent=1174"}],"curies":[{"name":"wp","href":"https:\/\/api.w.org\/{rel}","templated":true}]}}